{"id":9650,"date":"2023-04-23T18:34:07","date_gmt":"2023-04-23T18:34:07","guid":{"rendered":"https:\/\/www.computermantwente.nl\/chron-swoj-komputer-i-swoja-prywatnosc-dzieki-tym-3-wskazowkom-dotyczacym-bezpieczenstwa\/"},"modified":"2024-06-05T09:34:11","modified_gmt":"2024-06-05T09:34:11","slug":"chron-swoj-komputer-i-swoja-prywatnosc-dzieki-tym-3-wskazowkom-dotyczacym-bezpieczenstwa","status":"publish","type":"page","link":"https:\/\/www.computermantwente.nl\/pl\/chron-swoj-komputer-i-swoja-prywatnosc-dzieki-tym-3-wskazowkom-dotyczacym-bezpieczenstwa\/","title":{"rendered":"Chro\u0144 sw\u00f3j komputer i swoj\u0105 prywatno\u015b\u0107 dzi\u0119ki tym 3 wskaz\u00f3wkom dotycz\u0105cym bezpiecze\u0144stwa"},"content":{"rendered":"\n<p>Bezpiecze\u0144stwo komputerowe to wa\u017cny temat, zw\u0142aszcza \u017ce stajemy si\u0119 coraz bardziej zale\u017cni od technologii. W ko\u0144cu nasze komputery zawieraj\u0105 poufne informacje, takie jak dokumenty osobiste, zdj\u0119cia, has\u0142a i dane bankowe. Dlatego wa\u017cne jest, aby by\u0107 \u015bwiadomym zagro\u017ce\u0144 i podejmowa\u0107 \u015brodki w celu ochrony naszych komputer\u00f3w przed hakerami i innymi z\u0142o\u015bliwymi stronami. Na tym blogu dzielimy si\u0119 3 kompleksowymi wskaz\u00f3wkami dotycz\u0105cymi bezpiecze\u0144stwa, kt\u00f3re mo\u017cna zastosowa\u0107, aby zwi\u0119kszy\u0107 bezpiecze\u0144stwo komputera.<\/p>\n\n<h2 class=\"wp-block-heading\">Wskaz\u00f3wka 1: Zainstaluj program antywirusowy i aktualizuj go na bie\u017c\u0105co<\/h2>\n\n<p>Program antywirusowy jest niezb\u0119dnym elementem bezpiecze\u0144stwa komputera. Chroni komputer przed wirusami, z\u0142o\u015bliwym oprogramowaniem, programami szpieguj\u0105cymi i innymi szkodliwymi programami. Upewnij si\u0119, \u017ce zainstalowa\u0142e\u015b niezawodne oprogramowanie antywirusowe i aktualizuj je na bie\u017c\u0105co. Dzi\u0119ki temu jeste\u015b chroniony przed najnowszymi zagro\u017ceniami. My z <a href=\"https:\/\/www.google.nl\/search?q=de+computerman+twente&amp;source=hp&amp;ei=nnhFZKGoJPqG9u8PjaOpyAw&amp;iflsig=AOEireoAAAAAZEWGrsdpYrkn13yF2k7GxKT7T5n7Zap9&amp;gs_ssp=eJzj4tVP1zc0TKs0qSosyTU2YLRSNagwMU-yMDRMTk00sTBNNU81tzKoSDFITTJMNjExSbNIMjK1TPUSTUlVSM7PLSgtSS3KTcxTKClPzStJBQBvLhgO&amp;oq=de+compu&amp;gs_lcp=Cgdnd3Mtd2l6EAMYADILCC4QrwEQxwEQgAQyCwguEIAEEMcBEK8BMgUIABCABDIFCAAQgAQyBQgAEIAEMgUILhCABDILCC4QgAQQxwEQrwEyBQgAEIAEMgsILhCABBDHARCvATIFCAAQgAQ6CwgAEIAEELEDEIMBOhEILhCABBCxAxCDARDHARDRAzoLCC4QigUQsQMQgwE6CwgAEIoFELEDEIMBOggIABCABBCxAzoLCC4QgAQQxwEQ0QM6EQguEIoFELEDEIMBEMcBENEDOhEILhCABBCxAxCDARDHARCvAToICC4QgAQQ1AI6EQguEIMBEK8BEMcBELEDEIAEOgsILhCABBCxAxCDAToICAAQgAQQyQNQiQRYrApg6w9oAXAAeACAAZIBiAGGB5IBAzMuNZgBAKABAbABAA&amp;sclient=gws-wiz\" target=\"_blank\" rel=\"noreferrer noopener\">\n  <strong>Computerman Twente<\/strong>\n<\/a> mo\u017cemy Ci w tym pom\u00f3c, przeczytaj <a href=\"https:\/\/www.computermantwente.nl\/computerbeveiliging\/\" target=\"_blank\" rel=\"noreferrer noopener\">\n  <strong>tutaj<\/strong>\n<\/a> jak.<\/p>\n\n<h2 class=\"wp-block-heading\">Wskaz\u00f3wka 2: U\u017cywaj silnych hase\u0142 i weryfikacji dwuetapowej<\/h2>\n\n<p>S\u0142abe has\u0142o mo\u017ce by\u0107 \u0142atwo odgadni\u0119te przez haker\u00f3w. Dlatego upewnij si\u0119, \u017ce u\u017cywasz silnych hase\u0142 i regularnie je zmieniasz. Najlepiej korzysta\u0107 z mened\u017cera hase\u0142, aby przechowywa\u0107 has\u0142a w bezpiecznym miejscu. Dodatkow\u0105 wskaz\u00f3wk\u0119 dotycz\u0105c\u0105 silnych hase\u0142 mo\u017cna przeczyta\u0107 <a href=\"https:\/\/www.computermantwente.nl\/nieuws\/hoe-maak-ik-een-sterk-wachtwoord\/\" target=\"_blank\" rel=\"noreferrer noopener\">\n  <strong>tutaj<\/strong>\n<\/a>. Ponadto mo\u017cesz w\u0142\u0105czy\u0107 weryfikacj\u0119 dwuetapow\u0105, dodaj\u0105c dodatkow\u0105 warstw\u0119 zabezpiecze\u0144 do swoich kont. Na przyk\u0142ad weryfikacja dwuetapowa polega na wys\u0142aniu kodu weryfikacyjnego za po\u015brednictwem smartfona, kt\u00f3ry nale\u017cy wprowadzi\u0107 przed uzyskaniem dost\u0119pu do konta.<\/p>\n\n<h2 class=\"wp-block-heading\">Porada 3: Regularne tworzenie kopii zapasowych danych<\/h2>\n\n<p>Regularne tworzenie kopii zapasowych jest niezb\u0119dne, aby zapewni\u0107, \u017ce dane nie zostan\u0105 utracone w wyniku awarii komputera, infekcji wirusowej lub ataku ransomware. Upewnij si\u0119, \u017ce tworzysz kopie zapasowe wszystkich wa\u017cnych plik\u00f3w, takich jak zdj\u0119cia, dokumenty i inne dane, i przechowujesz je w bezpiecznym miejscu poza komputerem, na przyk\u0142ad w chmurze lub na zewn\u0119trznym dysku twardym. W ten spos\u00f3b zawsze mo\u017cna uzyska\u0107 dost\u0119p do danych, nawet je\u015bli co\u015b p\u00f3jdzie nie tak z komputerem.<\/p>\n\n<h2 class=\"wp-block-heading\">Wnioski<\/h2>\n\n<p>Zainstalowa\u0107 <a href=\"https:\/\/www.computermantwente.nl\/nieuws\/computerbeveiliging\/\" target=\"_blank\" rel=\"noreferrer noopener\">\n  <strong>program antywirusowy<\/strong>\n<\/a> i aktualizuj go, u\u017cywaj silnych hase\u0142 i weryfikacji dwuetapowej oraz regularnie tw\u00f3rz kopie zapasowe danych. Dzi\u0119ki tym wskaz\u00f3wkom mo\u017cna znacznie zmniejszy\u0107 szanse na udany atak (i p\u00f3\u017aniejsze uszkodzenie) komputera i korzysta\u0107 z niego ze spokojem. Nale\u017cy pami\u0119ta\u0107, \u017ce <strong>\n  <a href=\"https:\/\/www.computermantwente.nl\/computerbeveiliging\/\" target=\"_blank\" rel=\"noreferrer noopener\">bezpiecze\u0144stwo komputerowe<\/a>\n<\/strong> jest procesem ci\u0105g\u0142ym, wi\u0119c b\u0105d\u017a czujny i stosuj najnowsze \u015brodki bezpiecze\u0144stwa, aby chroni\u0107 siebie i swoje dane.<\/p>\n\n<h2 class=\"wp-block-heading\">Wi\u0119cej informacji<\/h2>\n\n<p>Czytasz tego bloga na stronie De Computerman Twente. Jeste\u015bmy firm\u0105 zajmuj\u0105c\u0105 si\u0119 napraw\u0105 komputer\u00f3w w Hengelo, Overijssel. Je\u015bli mamy do przekazania wa\u017cne wiadomo\u015bci lub chcemy przekaza\u0107 naszym obserwatorom kilka przydatnych wskaz\u00f3wek, udost\u0119pniamy je za po\u015brednictwem naszej strony internetowej i naszych kana\u0142\u00f3w medi\u00f3w spo\u0142eczno\u015bciowych. W przypadku pyta\u0144, komentarzy lub um\u00f3wienia si\u0119 na pomoc komputerow\u0105 mo\u017cna skontaktowa\u0107 si\u0119 z nami telefonicznie w godzinach pracy biura pod numerem <strong>074 203 3055<\/strong>. Mo\u017cna r\u00f3wnie\u017c <a href=\"https:\/\/www.computermantwente.nl\/contact\/\">\n  <strong>wype\u0142ni\u0107 formularz kontaktowy<\/strong>\n<\/a> na dole tej strony, a my skontaktujemy si\u0119 z Tob\u0105 tak szybko, jak to mo\u017cliwe.<\/p>\n","protected":false},"excerpt":{"rendered":"<p>Bezpiecze\u0144stwo komputerowe to wa\u017cny temat, zw\u0142aszcza \u017ce stajemy si\u0119 coraz bardziej zale\u017cni od technologii. W ko\u0144cu nasze komputery zawieraj\u0105 poufne informacje, takie jak dokumenty osobiste, zdj\u0119cia, has\u0142a i dane bankowe. Dlatego wa\u017cne jest, aby by\u0107 \u015bwiadomym zagro\u017ce\u0144 i podejmowa\u0107 \u015brodki w celu ochrony naszych komputer\u00f3w przed hakerami i innymi z\u0142o\u015bliwymi stronami. Na tym blogu dzielimy [&hellip;]<\/p>\n","protected":false},"author":1,"featured_media":9234,"parent":0,"menu_order":0,"comment_status":"closed","ping_status":"closed","template":"","meta":{"footnotes":""},"class_list":["post-9650","page","type-page","status-publish","has-post-thumbnail","hentry"],"yoast_head":"<!-- This site is optimized with the Yoast SEO plugin v27.4 - https:\/\/yoast.com\/product\/yoast-seo-wordpress\/ -->\n<title>Chro\u0144 sw\u00f3j komputer i swoj\u0105 prywatno\u015b\u0107 dzi\u0119ki tym 3 wskaz\u00f3wkom dotycz\u0105cym bezpiecze\u0144stwa<\/title>\n<meta name=\"description\" content=\"Dowiedz si\u0119, jak chroni\u0107 sw\u00f3j komputer i dane dzi\u0119ki tym trzem kompleksowym wskaz\u00f3wkom dotycz\u0105cym bezpiecze\u0144stwa. Kliknij, aby uzyska\u0107 wi\u0119cej informacji.\" \/>\n<meta name=\"robots\" content=\"index, follow, max-snippet:-1, max-image-preview:large, max-video-preview:-1\" \/>\n<link rel=\"canonical\" href=\"https:\/\/www.computermantwente.nl\/pl\/chron-swoj-komputer-i-swoja-prywatnosc-dzieki-tym-3-wskazowkom-dotyczacym-bezpieczenstwa\/\" \/>\n<meta property=\"og:locale\" content=\"pl_PL\" \/>\n<meta property=\"og:type\" content=\"article\" \/>\n<meta property=\"og:title\" content=\"Chro\u0144 sw\u00f3j komputer i swoj\u0105 prywatno\u015b\u0107 dzi\u0119ki tym 3 wskaz\u00f3wkom dotycz\u0105cym bezpiecze\u0144stwa\" \/>\n<meta property=\"og:description\" content=\"Dowiedz si\u0119, jak chroni\u0107 sw\u00f3j komputer i dane dzi\u0119ki tym trzem kompleksowym wskaz\u00f3wkom dotycz\u0105cym bezpiecze\u0144stwa. Kliknij, aby uzyska\u0107 wi\u0119cej informacji.\" \/>\n<meta property=\"og:url\" content=\"https:\/\/www.computermantwente.nl\/pl\/chron-swoj-komputer-i-swoja-prywatnosc-dzieki-tym-3-wskazowkom-dotyczacym-bezpieczenstwa\/\" \/>\n<meta property=\"og:site_name\" content=\"De Computerman Twente\" \/>\n<meta property=\"article:modified_time\" content=\"2024-06-05T09:34:11+00:00\" \/>\n<meta property=\"og:image\" content=\"https:\/\/www.computermantwente.nl\/wp-content\/uploads\/2023\/04\/Computerbeveiliging.png\" \/>\n\t<meta property=\"og:image:width\" content=\"2048\" \/>\n\t<meta property=\"og:image:height\" content=\"1075\" \/>\n\t<meta property=\"og:image:type\" content=\"image\/png\" \/>\n<meta name=\"twitter:card\" content=\"summary_large_image\" \/>\n<meta name=\"twitter:label1\" content=\"Szacowany czas czytania\" \/>\n\t<meta name=\"twitter:data1\" content=\"3 minuty\" \/>\n<script type=\"application\/ld+json\" class=\"yoast-schema-graph\">{\"@context\":\"https:\\\/\\\/schema.org\",\"@graph\":[{\"@type\":\"WebPage\",\"@id\":\"https:\\\/\\\/www.computermantwente.nl\\\/pl\\\/chron-swoj-komputer-i-swoja-prywatnosc-dzieki-tym-3-wskazowkom-dotyczacym-bezpieczenstwa\\\/\",\"url\":\"https:\\\/\\\/www.computermantwente.nl\\\/pl\\\/chron-swoj-komputer-i-swoja-prywatnosc-dzieki-tym-3-wskazowkom-dotyczacym-bezpieczenstwa\\\/\",\"name\":\"Chro\u0144 sw\u00f3j komputer i swoj\u0105 prywatno\u015b\u0107 dzi\u0119ki tym 3 wskaz\u00f3wkom dotycz\u0105cym bezpiecze\u0144stwa\",\"isPartOf\":{\"@id\":\"https:\\\/\\\/www.computermantwente.nl\\\/pl\\\/#website\"},\"primaryImageOfPage\":{\"@id\":\"https:\\\/\\\/www.computermantwente.nl\\\/pl\\\/chron-swoj-komputer-i-swoja-prywatnosc-dzieki-tym-3-wskazowkom-dotyczacym-bezpieczenstwa\\\/#primaryimage\"},\"image\":{\"@id\":\"https:\\\/\\\/www.computermantwente.nl\\\/pl\\\/chron-swoj-komputer-i-swoja-prywatnosc-dzieki-tym-3-wskazowkom-dotyczacym-bezpieczenstwa\\\/#primaryimage\"},\"thumbnailUrl\":\"https:\\\/\\\/www.computermantwente.nl\\\/wp-content\\\/uploads\\\/2023\\\/04\\\/Computerbeveiliging.png\",\"datePublished\":\"2023-04-23T18:34:07+00:00\",\"dateModified\":\"2024-06-05T09:34:11+00:00\",\"description\":\"Dowiedz si\u0119, jak chroni\u0107 sw\u00f3j komputer i dane dzi\u0119ki tym trzem kompleksowym wskaz\u00f3wkom dotycz\u0105cym bezpiecze\u0144stwa. Kliknij, aby uzyska\u0107 wi\u0119cej informacji.\",\"breadcrumb\":{\"@id\":\"https:\\\/\\\/www.computermantwente.nl\\\/pl\\\/chron-swoj-komputer-i-swoja-prywatnosc-dzieki-tym-3-wskazowkom-dotyczacym-bezpieczenstwa\\\/#breadcrumb\"},\"inLanguage\":\"pl-PL\",\"potentialAction\":[{\"@type\":\"ReadAction\",\"target\":[\"https:\\\/\\\/www.computermantwente.nl\\\/pl\\\/chron-swoj-komputer-i-swoja-prywatnosc-dzieki-tym-3-wskazowkom-dotyczacym-bezpieczenstwa\\\/\"]}]},{\"@type\":\"ImageObject\",\"inLanguage\":\"pl-PL\",\"@id\":\"https:\\\/\\\/www.computermantwente.nl\\\/pl\\\/chron-swoj-komputer-i-swoja-prywatnosc-dzieki-tym-3-wskazowkom-dotyczacym-bezpieczenstwa\\\/#primaryimage\",\"url\":\"https:\\\/\\\/www.computermantwente.nl\\\/wp-content\\\/uploads\\\/2023\\\/04\\\/Computerbeveiliging.png\",\"contentUrl\":\"https:\\\/\\\/www.computermantwente.nl\\\/wp-content\\\/uploads\\\/2023\\\/04\\\/Computerbeveiliging.png\",\"width\":2048,\"height\":1075,\"caption\":\"Deze afbeelding symboliseert de belangrijkste aspecten van computerbeveiliging, namelijk antivirusbescherming, wachtwoordbeveiliging en back-ups van gegevens.\"},{\"@type\":\"BreadcrumbList\",\"@id\":\"https:\\\/\\\/www.computermantwente.nl\\\/pl\\\/chron-swoj-komputer-i-swoja-prywatnosc-dzieki-tym-3-wskazowkom-dotyczacym-bezpieczenstwa\\\/#breadcrumb\",\"itemListElement\":[{\"@type\":\"ListItem\",\"position\":1,\"name\":\"Home\",\"item\":\"https:\\\/\\\/www.computermantwente.nl\\\/pl\\\/\"},{\"@type\":\"ListItem\",\"position\":2,\"name\":\"Chro\u0144 sw\u00f3j komputer i swoj\u0105 prywatno\u015b\u0107 dzi\u0119ki tym 3 wskaz\u00f3wkom dotycz\u0105cym bezpiecze\u0144stwa\"}]},{\"@type\":\"WebSite\",\"@id\":\"https:\\\/\\\/www.computermantwente.nl\\\/pl\\\/#website\",\"url\":\"https:\\\/\\\/www.computermantwente.nl\\\/pl\\\/\",\"name\":\"De Computerman Twente\",\"description\":\"Reparaties, installaties, onderhoud en verkoop\",\"publisher\":{\"@id\":\"https:\\\/\\\/www.computermantwente.nl\\\/pl\\\/#organization\"},\"potentialAction\":[{\"@type\":\"SearchAction\",\"target\":{\"@type\":\"EntryPoint\",\"urlTemplate\":\"https:\\\/\\\/www.computermantwente.nl\\\/pl\\\/?s={search_term_string}\"},\"query-input\":{\"@type\":\"PropertyValueSpecification\",\"valueRequired\":true,\"valueName\":\"search_term_string\"}}],\"inLanguage\":\"pl-PL\"},{\"@type\":\"Organization\",\"@id\":\"https:\\\/\\\/www.computermantwente.nl\\\/pl\\\/#organization\",\"name\":\"De Computerman Twente\",\"url\":\"https:\\\/\\\/www.computermantwente.nl\\\/pl\\\/\",\"logo\":{\"@type\":\"ImageObject\",\"inLanguage\":\"pl-PL\",\"@id\":\"https:\\\/\\\/www.computermantwente.nl\\\/pl\\\/#\\\/schema\\\/logo\\\/image\\\/\",\"url\":\"https:\\\/\\\/www.computermantwente.nl\\\/wp-content\\\/uploads\\\/2024\\\/02\\\/cropped-De-Computerman-Twente-PC.png\",\"contentUrl\":\"https:\\\/\\\/www.computermantwente.nl\\\/wp-content\\\/uploads\\\/2024\\\/02\\\/cropped-De-Computerman-Twente-PC.png\",\"width\":1318,\"height\":1075,\"caption\":\"De Computerman Twente\"},\"image\":{\"@id\":\"https:\\\/\\\/www.computermantwente.nl\\\/pl\\\/#\\\/schema\\\/logo\\\/image\\\/\"}}]}<\/script>\n<!-- \/ Yoast SEO plugin. -->","yoast_head_json":{"title":"Chro\u0144 sw\u00f3j komputer i swoj\u0105 prywatno\u015b\u0107 dzi\u0119ki tym 3 wskaz\u00f3wkom dotycz\u0105cym bezpiecze\u0144stwa","description":"Dowiedz si\u0119, jak chroni\u0107 sw\u00f3j komputer i dane dzi\u0119ki tym trzem kompleksowym wskaz\u00f3wkom dotycz\u0105cym bezpiecze\u0144stwa. Kliknij, aby uzyska\u0107 wi\u0119cej informacji.","robots":{"index":"index","follow":"follow","max-snippet":"max-snippet:-1","max-image-preview":"max-image-preview:large","max-video-preview":"max-video-preview:-1"},"canonical":"https:\/\/www.computermantwente.nl\/pl\/chron-swoj-komputer-i-swoja-prywatnosc-dzieki-tym-3-wskazowkom-dotyczacym-bezpieczenstwa\/","og_locale":"pl_PL","og_type":"article","og_title":"Chro\u0144 sw\u00f3j komputer i swoj\u0105 prywatno\u015b\u0107 dzi\u0119ki tym 3 wskaz\u00f3wkom dotycz\u0105cym bezpiecze\u0144stwa","og_description":"Dowiedz si\u0119, jak chroni\u0107 sw\u00f3j komputer i dane dzi\u0119ki tym trzem kompleksowym wskaz\u00f3wkom dotycz\u0105cym bezpiecze\u0144stwa. Kliknij, aby uzyska\u0107 wi\u0119cej informacji.","og_url":"https:\/\/www.computermantwente.nl\/pl\/chron-swoj-komputer-i-swoja-prywatnosc-dzieki-tym-3-wskazowkom-dotyczacym-bezpieczenstwa\/","og_site_name":"De Computerman Twente","article_modified_time":"2024-06-05T09:34:11+00:00","og_image":[{"width":2048,"height":1075,"url":"https:\/\/www.computermantwente.nl\/wp-content\/uploads\/2023\/04\/Computerbeveiliging.png","type":"image\/png"}],"twitter_card":"summary_large_image","twitter_misc":{"Szacowany czas czytania":"3 minuty"},"schema":{"@context":"https:\/\/schema.org","@graph":[{"@type":"WebPage","@id":"https:\/\/www.computermantwente.nl\/pl\/chron-swoj-komputer-i-swoja-prywatnosc-dzieki-tym-3-wskazowkom-dotyczacym-bezpieczenstwa\/","url":"https:\/\/www.computermantwente.nl\/pl\/chron-swoj-komputer-i-swoja-prywatnosc-dzieki-tym-3-wskazowkom-dotyczacym-bezpieczenstwa\/","name":"Chro\u0144 sw\u00f3j komputer i swoj\u0105 prywatno\u015b\u0107 dzi\u0119ki tym 3 wskaz\u00f3wkom dotycz\u0105cym bezpiecze\u0144stwa","isPartOf":{"@id":"https:\/\/www.computermantwente.nl\/pl\/#website"},"primaryImageOfPage":{"@id":"https:\/\/www.computermantwente.nl\/pl\/chron-swoj-komputer-i-swoja-prywatnosc-dzieki-tym-3-wskazowkom-dotyczacym-bezpieczenstwa\/#primaryimage"},"image":{"@id":"https:\/\/www.computermantwente.nl\/pl\/chron-swoj-komputer-i-swoja-prywatnosc-dzieki-tym-3-wskazowkom-dotyczacym-bezpieczenstwa\/#primaryimage"},"thumbnailUrl":"https:\/\/www.computermantwente.nl\/wp-content\/uploads\/2023\/04\/Computerbeveiliging.png","datePublished":"2023-04-23T18:34:07+00:00","dateModified":"2024-06-05T09:34:11+00:00","description":"Dowiedz si\u0119, jak chroni\u0107 sw\u00f3j komputer i dane dzi\u0119ki tym trzem kompleksowym wskaz\u00f3wkom dotycz\u0105cym bezpiecze\u0144stwa. Kliknij, aby uzyska\u0107 wi\u0119cej informacji.","breadcrumb":{"@id":"https:\/\/www.computermantwente.nl\/pl\/chron-swoj-komputer-i-swoja-prywatnosc-dzieki-tym-3-wskazowkom-dotyczacym-bezpieczenstwa\/#breadcrumb"},"inLanguage":"pl-PL","potentialAction":[{"@type":"ReadAction","target":["https:\/\/www.computermantwente.nl\/pl\/chron-swoj-komputer-i-swoja-prywatnosc-dzieki-tym-3-wskazowkom-dotyczacym-bezpieczenstwa\/"]}]},{"@type":"ImageObject","inLanguage":"pl-PL","@id":"https:\/\/www.computermantwente.nl\/pl\/chron-swoj-komputer-i-swoja-prywatnosc-dzieki-tym-3-wskazowkom-dotyczacym-bezpieczenstwa\/#primaryimage","url":"https:\/\/www.computermantwente.nl\/wp-content\/uploads\/2023\/04\/Computerbeveiliging.png","contentUrl":"https:\/\/www.computermantwente.nl\/wp-content\/uploads\/2023\/04\/Computerbeveiliging.png","width":2048,"height":1075,"caption":"Deze afbeelding symboliseert de belangrijkste aspecten van computerbeveiliging, namelijk antivirusbescherming, wachtwoordbeveiliging en back-ups van gegevens."},{"@type":"BreadcrumbList","@id":"https:\/\/www.computermantwente.nl\/pl\/chron-swoj-komputer-i-swoja-prywatnosc-dzieki-tym-3-wskazowkom-dotyczacym-bezpieczenstwa\/#breadcrumb","itemListElement":[{"@type":"ListItem","position":1,"name":"Home","item":"https:\/\/www.computermantwente.nl\/pl\/"},{"@type":"ListItem","position":2,"name":"Chro\u0144 sw\u00f3j komputer i swoj\u0105 prywatno\u015b\u0107 dzi\u0119ki tym 3 wskaz\u00f3wkom dotycz\u0105cym bezpiecze\u0144stwa"}]},{"@type":"WebSite","@id":"https:\/\/www.computermantwente.nl\/pl\/#website","url":"https:\/\/www.computermantwente.nl\/pl\/","name":"De Computerman Twente","description":"Reparaties, installaties, onderhoud en verkoop","publisher":{"@id":"https:\/\/www.computermantwente.nl\/pl\/#organization"},"potentialAction":[{"@type":"SearchAction","target":{"@type":"EntryPoint","urlTemplate":"https:\/\/www.computermantwente.nl\/pl\/?s={search_term_string}"},"query-input":{"@type":"PropertyValueSpecification","valueRequired":true,"valueName":"search_term_string"}}],"inLanguage":"pl-PL"},{"@type":"Organization","@id":"https:\/\/www.computermantwente.nl\/pl\/#organization","name":"De Computerman Twente","url":"https:\/\/www.computermantwente.nl\/pl\/","logo":{"@type":"ImageObject","inLanguage":"pl-PL","@id":"https:\/\/www.computermantwente.nl\/pl\/#\/schema\/logo\/image\/","url":"https:\/\/www.computermantwente.nl\/wp-content\/uploads\/2024\/02\/cropped-De-Computerman-Twente-PC.png","contentUrl":"https:\/\/www.computermantwente.nl\/wp-content\/uploads\/2024\/02\/cropped-De-Computerman-Twente-PC.png","width":1318,"height":1075,"caption":"De Computerman Twente"},"image":{"@id":"https:\/\/www.computermantwente.nl\/pl\/#\/schema\/logo\/image\/"}}]}},"_links":{"self":[{"href":"https:\/\/www.computermantwente.nl\/pl\/wp-json\/wp\/v2\/pages\/9650","targetHints":{"allow":["GET"]}}],"collection":[{"href":"https:\/\/www.computermantwente.nl\/pl\/wp-json\/wp\/v2\/pages"}],"about":[{"href":"https:\/\/www.computermantwente.nl\/pl\/wp-json\/wp\/v2\/types\/page"}],"author":[{"embeddable":true,"href":"https:\/\/www.computermantwente.nl\/pl\/wp-json\/wp\/v2\/users\/1"}],"replies":[{"embeddable":true,"href":"https:\/\/www.computermantwente.nl\/pl\/wp-json\/wp\/v2\/comments?post=9650"}],"version-history":[{"count":1,"href":"https:\/\/www.computermantwente.nl\/pl\/wp-json\/wp\/v2\/pages\/9650\/revisions"}],"predecessor-version":[{"id":9651,"href":"https:\/\/www.computermantwente.nl\/pl\/wp-json\/wp\/v2\/pages\/9650\/revisions\/9651"}],"wp:featuredmedia":[{"embeddable":true,"href":"https:\/\/www.computermantwente.nl\/pl\/wp-json\/wp\/v2\/media\/9234"}],"wp:attachment":[{"href":"https:\/\/www.computermantwente.nl\/pl\/wp-json\/wp\/v2\/media?parent=9650"}],"curies":[{"name":"wp","href":"https:\/\/api.w.org\/{rel}","templated":true}]}}