{"id":9653,"date":"2023-04-23T18:34:07","date_gmt":"2023-04-23T18:34:07","guid":{"rendered":"https:\/\/www.computermantwente.nl\/schuetzen-sie-ihren-computer-und-ihre-privatsphaere-mit-diesen-3-sicherheitstipps\/"},"modified":"2024-06-05T09:34:11","modified_gmt":"2024-06-05T09:34:11","slug":"schuetzen-sie-ihren-computer-und-ihre-privatsphaere-mit-diesen-3-sicherheitstipps","status":"publish","type":"page","link":"https:\/\/www.computermantwente.nl\/de\/schuetzen-sie-ihren-computer-und-ihre-privatsphaere-mit-diesen-3-sicherheitstipps\/","title":{"rendered":"Sch\u00fctzen Sie Ihren Computer und Ihre Privatsph\u00e4re mit diesen 3 Sicherheitstipps"},"content":{"rendered":"\n<p>Computersicherheit ist ein wichtiges Thema, vor allem, da wir zunehmend von der Technologie abh\u00e4ngig werden. Schlie\u00dflich befinden sich auf unseren Computern sensible Informationen wie pers\u00f6nliche Dokumente, Fotos, Passw\u00f6rter und Bankdaten. Es ist daher wichtig, sich der Risiken bewusst zu sein und Ma\u00dfnahmen zu ergreifen, um unsere Computer vor Hackern und anderen b\u00f6swilligen Parteien zu sch\u00fctzen. In diesem Blog geben wir Ihnen 3 umfassende Sicherheitstipps, die Sie anwenden k\u00f6nnen, um Ihren Computer sicherer zu machen.<\/p>\n\n<h2 class=\"wp-block-heading\">Tipp 1: Installieren Sie ein Antivirenprogramm und halten Sie es auf dem neuesten Stand<\/h2>\n\n<p>Ein Antivirenprogramm ist ein wesentlicher Bestandteil der Computersicherheit. Es sch\u00fctzt Ihren Computer vor Viren, Malware, Spyware und anderen sch\u00e4dlichen Programmen. Stellen Sie sicher, dass Sie eine zuverl\u00e4ssige Antiviren-Software installieren und diese auf dem neuesten Stand halten. So sind Sie gegen die neuesten Bedrohungen gesch\u00fctzt. Wir von <a href=\"https:\/\/www.google.nl\/search?q=de+computerman+twente&amp;source=hp&amp;ei=nnhFZKGoJPqG9u8PjaOpyAw&amp;iflsig=AOEireoAAAAAZEWGrsdpYrkn13yF2k7GxKT7T5n7Zap9&amp;gs_ssp=eJzj4tVP1zc0TKs0qSosyTU2YLRSNagwMU-yMDRMTk00sTBNNU81tzKoSDFITTJMNjExSbNIMjK1TPUSTUlVSM7PLSgtSS3KTcxTKClPzStJBQBvLhgO&amp;oq=de+compu&amp;gs_lcp=Cgdnd3Mtd2l6EAMYADILCC4QrwEQxwEQgAQyCwguEIAEEMcBEK8BMgUIABCABDIFCAAQgAQyBQgAEIAEMgUILhCABDILCC4QgAQQxwEQrwEyBQgAEIAEMgsILhCABBDHARCvATIFCAAQgAQ6CwgAEIAEELEDEIMBOhEILhCABBCxAxCDARDHARDRAzoLCC4QigUQsQMQgwE6CwgAEIoFELEDEIMBOggIABCABBCxAzoLCC4QgAQQxwEQ0QM6EQguEIoFELEDEIMBEMcBENEDOhEILhCABBCxAxCDARDHARCvAToICC4QgAQQ1AI6EQguEIMBEK8BEMcBELEDEIAEOgsILhCABBCxAxCDAToICAAQgAQQyQNQiQRYrApg6w9oAXAAeACAAZIBiAGGB5IBAzMuNZgBAKABAbABAA&amp;sclient=gws-wiz\" target=\"_blank\" rel=\"noreferrer noopener\">\n  <strong>Der Computerman Twente<\/strong>\n<\/a> k\u00f6nnen Ihnen dabei helfen, lesen Sie <a href=\"https:\/\/www.computermantwente.nl\/computerbeveiliging\/\" target=\"_blank\" rel=\"noreferrer noopener\">\n  <strong>hier<\/strong>\n<\/a> wie.<\/p>\n\n<h2 class=\"wp-block-heading\">Tipp 2: Verwenden Sie sichere Passw\u00f6rter und eine zweistufige Verifizierung<\/h2>\n\n<p>Ein schwaches Passwort kann von Hackern leicht erraten werden. Stellen Sie daher sicher, dass Sie sichere Passw\u00f6rter verwenden und diese regelm\u00e4\u00dfig \u00e4ndern. Verwenden Sie vorzugsweise einen Passwort-Manager, um Ihre Passw\u00f6rter sicher aufzubewahren. Einen Bonus-Tipp f\u00fcr sichere Passw\u00f6rter lesen Sie <a href=\"https:\/\/www.computermantwente.nl\/nieuws\/hoe-maak-ik-een-sterk-wachtwoord\/\" target=\"_blank\" rel=\"noreferrer noopener\">\n  <strong>hier<\/strong>\n<\/a>. Dar\u00fcber hinaus k\u00f6nnen Sie die zweistufige Verifizierung aktivieren, die Ihren Konten eine zus\u00e4tzliche Sicherheitsebene verleiht. Bei der zweistufigen Verifizierung wird zum Beispiel ein Verifizierungscode \u00fcber Ihr Smartphone gesendet, den Sie eingeben m\u00fcssen, bevor Sie auf Ihr Konto zugreifen k\u00f6nnen.<\/p>\n\n<h2 class=\"wp-block-heading\">Tipp 3: Sichern Sie Ihre Daten regelm\u00e4\u00dfig<\/h2>\n\n<p>Regelm\u00e4\u00dfige Backups sind unerl\u00e4sslich, um sicherzustellen, dass Ihre Daten nicht durch einen Computerabsturz, eine Virusinfektion oder einen Ransomware-Angriff verloren gehen. Stellen Sie sicher, dass Sie von all Ihren wichtigen Dateien wie Fotos, Dokumenten und anderen Daten Sicherungskopien erstellen und diese an einem sicheren Ort au\u00dferhalb Ihres Computers aufbewahren, beispielsweise in der Cloud oder auf einer externen Festplatte. Auf diese Weise k\u00f6nnen Sie immer auf Ihre Daten zugreifen, selbst wenn etwas mit Ihrem Computer schief geht.<\/p>\n\n<h2 class=\"wp-block-heading\">Fazit<\/h2>\n\n<p>Installieren Sie <a href=\"https:\/\/www.computermantwente.nl\/nieuws\/computerbeveiliging\/\" target=\"_blank\" rel=\"noreferrer noopener\">\n  <strong>ein Antivirenprogramm<\/strong>\n<\/a> und halten Sie es auf dem neuesten Stand, verwenden Sie sichere Passw\u00f6rter und eine zweistufige Verifizierung und sichern Sie Ihre Daten regelm\u00e4\u00dfig. Mit diesen Tipps k\u00f6nnen Sie die Wahrscheinlichkeit eines erfolgreichen Angriffs (und der daraus resultierenden Sch\u00e4den) auf Ihren Computer erheblich verringern und Ihren Computer unbesorgt nutzen. Denken Sie daran, dass <strong>\n  <a href=\"https:\/\/www.computermantwente.nl\/computerbeveiliging\/\" target=\"_blank\" rel=\"noreferrer noopener\">Computer-Sicherheit<\/a>\n<\/strong> ist ein fortlaufender Prozess. Bleiben Sie also wachsam und wenden Sie die neuesten Sicherheitsma\u00dfnahmen an, um sich und Ihre Daten zu sch\u00fctzen.<\/p>\n\n<h2 class=\"wp-block-heading\">Mehr Informationen<\/h2>\n\n<p>Sie lesen diesen Blog auf der Website von De Computerman Twente. Wir sind ein Computer-Reparaturunternehmen in Hengelo, Overijssel. Wenn es wichtige Neuigkeiten zu berichten gibt oder wenn wir unseren Followern n\u00fctzliche Tipps geben m\u00f6chten, teilen wir sie \u00fcber unsere Website und unsere Social Media-Kan\u00e4le. F\u00fcr Fragen, Kommentare oder um einen Termin f\u00fcr Computerhilfe zu vereinbaren, k\u00f6nnen Sie uns w\u00e4hrend der B\u00fcrozeiten telefonisch unter <strong>074 203 3055<\/strong> erreichen. Sie k\u00f6nnen auch <a href=\"https:\/\/www.computermantwente.nl\/contact\/\">\n  <strong>das Kontaktformular ausf\u00fcllen<\/strong>\n<\/a> unten auf dieser Seite ausf\u00fcllen und wir werden Sie so schnell wie m\u00f6glich kontaktieren.<\/p>\n","protected":false},"excerpt":{"rendered":"<p>Computersicherheit ist ein wichtiges Thema, vor allem, da wir zunehmend von der Technologie abh\u00e4ngig werden. Schlie\u00dflich befinden sich auf unseren Computern sensible Informationen wie pers\u00f6nliche Dokumente, Fotos, Passw\u00f6rter und Bankdaten. Es ist daher wichtig, sich der Risiken bewusst zu sein und Ma\u00dfnahmen zu ergreifen, um unsere Computer vor Hackern und anderen b\u00f6swilligen Parteien zu sch\u00fctzen. [&hellip;]<\/p>\n","protected":false},"author":1,"featured_media":9233,"parent":0,"menu_order":0,"comment_status":"closed","ping_status":"closed","template":"","meta":{"footnotes":""},"class_list":["post-9653","page","type-page","status-publish","has-post-thumbnail","hentry"],"yoast_head":"<!-- This site is optimized with the Yoast SEO plugin v27.4 - https:\/\/yoast.com\/product\/yoast-seo-wordpress\/ -->\n<title>Sch\u00fctzen Sie Ihren Computer und Ihre Privatsph\u00e4re mit diesen 3 Sicherheitstipps<\/title>\n<meta name=\"description\" content=\"Erfahren Sie, wie Sie Ihren Computer und Ihre Daten mit diesen drei umfassenden Sicherheitstipps sch\u00fctzen k\u00f6nnen. Klicken Sie f\u00fcr weitere Informationen.\" \/>\n<meta name=\"robots\" content=\"index, follow, max-snippet:-1, max-image-preview:large, max-video-preview:-1\" \/>\n<link rel=\"canonical\" href=\"https:\/\/www.computermantwente.nl\/de\/schuetzen-sie-ihren-computer-und-ihre-privatsphaere-mit-diesen-3-sicherheitstipps\/\" \/>\n<meta property=\"og:locale\" content=\"de_DE\" \/>\n<meta property=\"og:type\" content=\"article\" \/>\n<meta property=\"og:title\" content=\"Sch\u00fctzen Sie Ihren Computer und Ihre Privatsph\u00e4re mit diesen 3 Sicherheitstipps\" \/>\n<meta property=\"og:description\" content=\"Erfahren Sie, wie Sie Ihren Computer und Ihre Daten mit diesen drei umfassenden Sicherheitstipps sch\u00fctzen k\u00f6nnen. Klicken Sie f\u00fcr weitere Informationen.\" \/>\n<meta property=\"og:url\" content=\"https:\/\/www.computermantwente.nl\/de\/schuetzen-sie-ihren-computer-und-ihre-privatsphaere-mit-diesen-3-sicherheitstipps\/\" \/>\n<meta property=\"og:site_name\" content=\"De Computerman Twente\" \/>\n<meta property=\"article:modified_time\" content=\"2024-06-05T09:34:11+00:00\" \/>\n<meta property=\"og:image\" content=\"https:\/\/www.computermantwente.nl\/wp-content\/uploads\/2023\/04\/Computerbeveiliging.png\" \/>\n\t<meta property=\"og:image:width\" content=\"2048\" \/>\n\t<meta property=\"og:image:height\" content=\"1075\" \/>\n\t<meta property=\"og:image:type\" content=\"image\/png\" \/>\n<meta name=\"twitter:card\" content=\"summary_large_image\" \/>\n<meta name=\"twitter:label1\" content=\"Gesch\u00e4tzte Lesezeit\" \/>\n\t<meta name=\"twitter:data1\" content=\"3\u00a0Minuten\" \/>\n<script type=\"application\/ld+json\" class=\"yoast-schema-graph\">{\"@context\":\"https:\\\/\\\/schema.org\",\"@graph\":[{\"@type\":\"WebPage\",\"@id\":\"https:\\\/\\\/www.computermantwente.nl\\\/de\\\/schuetzen-sie-ihren-computer-und-ihre-privatsphaere-mit-diesen-3-sicherheitstipps\\\/\",\"url\":\"https:\\\/\\\/www.computermantwente.nl\\\/de\\\/schuetzen-sie-ihren-computer-und-ihre-privatsphaere-mit-diesen-3-sicherheitstipps\\\/\",\"name\":\"Sch\u00fctzen Sie Ihren Computer und Ihre Privatsph\u00e4re mit diesen 3 Sicherheitstipps\",\"isPartOf\":{\"@id\":\"https:\\\/\\\/www.computermantwente.nl\\\/de\\\/#website\"},\"primaryImageOfPage\":{\"@id\":\"https:\\\/\\\/www.computermantwente.nl\\\/de\\\/schuetzen-sie-ihren-computer-und-ihre-privatsphaere-mit-diesen-3-sicherheitstipps\\\/#primaryimage\"},\"image\":{\"@id\":\"https:\\\/\\\/www.computermantwente.nl\\\/de\\\/schuetzen-sie-ihren-computer-und-ihre-privatsphaere-mit-diesen-3-sicherheitstipps\\\/#primaryimage\"},\"thumbnailUrl\":\"https:\\\/\\\/www.computermantwente.nl\\\/wp-content\\\/uploads\\\/2023\\\/04\\\/Computerbeveiliging.png\",\"datePublished\":\"2023-04-23T18:34:07+00:00\",\"dateModified\":\"2024-06-05T09:34:11+00:00\",\"description\":\"Erfahren Sie, wie Sie Ihren Computer und Ihre Daten mit diesen drei umfassenden Sicherheitstipps sch\u00fctzen k\u00f6nnen. Klicken Sie f\u00fcr weitere Informationen.\",\"breadcrumb\":{\"@id\":\"https:\\\/\\\/www.computermantwente.nl\\\/de\\\/schuetzen-sie-ihren-computer-und-ihre-privatsphaere-mit-diesen-3-sicherheitstipps\\\/#breadcrumb\"},\"inLanguage\":\"de\",\"potentialAction\":[{\"@type\":\"ReadAction\",\"target\":[\"https:\\\/\\\/www.computermantwente.nl\\\/de\\\/schuetzen-sie-ihren-computer-und-ihre-privatsphaere-mit-diesen-3-sicherheitstipps\\\/\"]}]},{\"@type\":\"ImageObject\",\"inLanguage\":\"de\",\"@id\":\"https:\\\/\\\/www.computermantwente.nl\\\/de\\\/schuetzen-sie-ihren-computer-und-ihre-privatsphaere-mit-diesen-3-sicherheitstipps\\\/#primaryimage\",\"url\":\"https:\\\/\\\/www.computermantwente.nl\\\/wp-content\\\/uploads\\\/2023\\\/04\\\/Computerbeveiliging.png\",\"contentUrl\":\"https:\\\/\\\/www.computermantwente.nl\\\/wp-content\\\/uploads\\\/2023\\\/04\\\/Computerbeveiliging.png\",\"width\":2048,\"height\":1075,\"caption\":\"Deze afbeelding symboliseert de belangrijkste aspecten van computerbeveiliging, namelijk antivirusbescherming, wachtwoordbeveiliging en back-ups van gegevens.\"},{\"@type\":\"BreadcrumbList\",\"@id\":\"https:\\\/\\\/www.computermantwente.nl\\\/de\\\/schuetzen-sie-ihren-computer-und-ihre-privatsphaere-mit-diesen-3-sicherheitstipps\\\/#breadcrumb\",\"itemListElement\":[{\"@type\":\"ListItem\",\"position\":1,\"name\":\"Home\",\"item\":\"https:\\\/\\\/www.computermantwente.nl\\\/de\\\/\"},{\"@type\":\"ListItem\",\"position\":2,\"name\":\"Sch\u00fctzen Sie Ihren Computer und Ihre Privatsph\u00e4re mit diesen 3 Sicherheitstipps\"}]},{\"@type\":\"WebSite\",\"@id\":\"https:\\\/\\\/www.computermantwente.nl\\\/de\\\/#website\",\"url\":\"https:\\\/\\\/www.computermantwente.nl\\\/de\\\/\",\"name\":\"De Computerman Twente\",\"description\":\"Reparaties, installaties, onderhoud en verkoop\",\"publisher\":{\"@id\":\"https:\\\/\\\/www.computermantwente.nl\\\/de\\\/#organization\"},\"potentialAction\":[{\"@type\":\"SearchAction\",\"target\":{\"@type\":\"EntryPoint\",\"urlTemplate\":\"https:\\\/\\\/www.computermantwente.nl\\\/de\\\/?s={search_term_string}\"},\"query-input\":{\"@type\":\"PropertyValueSpecification\",\"valueRequired\":true,\"valueName\":\"search_term_string\"}}],\"inLanguage\":\"de\"},{\"@type\":\"Organization\",\"@id\":\"https:\\\/\\\/www.computermantwente.nl\\\/de\\\/#organization\",\"name\":\"De Computerman Twente\",\"url\":\"https:\\\/\\\/www.computermantwente.nl\\\/de\\\/\",\"logo\":{\"@type\":\"ImageObject\",\"inLanguage\":\"de\",\"@id\":\"https:\\\/\\\/www.computermantwente.nl\\\/de\\\/#\\\/schema\\\/logo\\\/image\\\/\",\"url\":\"https:\\\/\\\/www.computermantwente.nl\\\/wp-content\\\/uploads\\\/2024\\\/02\\\/cropped-De-Computerman-Twente-PC.png\",\"contentUrl\":\"https:\\\/\\\/www.computermantwente.nl\\\/wp-content\\\/uploads\\\/2024\\\/02\\\/cropped-De-Computerman-Twente-PC.png\",\"width\":1318,\"height\":1075,\"caption\":\"De Computerman Twente\"},\"image\":{\"@id\":\"https:\\\/\\\/www.computermantwente.nl\\\/de\\\/#\\\/schema\\\/logo\\\/image\\\/\"}}]}<\/script>\n<!-- \/ Yoast SEO plugin. -->","yoast_head_json":{"title":"Sch\u00fctzen Sie Ihren Computer und Ihre Privatsph\u00e4re mit diesen 3 Sicherheitstipps","description":"Erfahren Sie, wie Sie Ihren Computer und Ihre Daten mit diesen drei umfassenden Sicherheitstipps sch\u00fctzen k\u00f6nnen. Klicken Sie f\u00fcr weitere Informationen.","robots":{"index":"index","follow":"follow","max-snippet":"max-snippet:-1","max-image-preview":"max-image-preview:large","max-video-preview":"max-video-preview:-1"},"canonical":"https:\/\/www.computermantwente.nl\/de\/schuetzen-sie-ihren-computer-und-ihre-privatsphaere-mit-diesen-3-sicherheitstipps\/","og_locale":"de_DE","og_type":"article","og_title":"Sch\u00fctzen Sie Ihren Computer und Ihre Privatsph\u00e4re mit diesen 3 Sicherheitstipps","og_description":"Erfahren Sie, wie Sie Ihren Computer und Ihre Daten mit diesen drei umfassenden Sicherheitstipps sch\u00fctzen k\u00f6nnen. Klicken Sie f\u00fcr weitere Informationen.","og_url":"https:\/\/www.computermantwente.nl\/de\/schuetzen-sie-ihren-computer-und-ihre-privatsphaere-mit-diesen-3-sicherheitstipps\/","og_site_name":"De Computerman Twente","article_modified_time":"2024-06-05T09:34:11+00:00","og_image":[{"width":2048,"height":1075,"url":"https:\/\/www.computermantwente.nl\/wp-content\/uploads\/2023\/04\/Computerbeveiliging.png","type":"image\/png"}],"twitter_card":"summary_large_image","twitter_misc":{"Gesch\u00e4tzte Lesezeit":"3\u00a0Minuten"},"schema":{"@context":"https:\/\/schema.org","@graph":[{"@type":"WebPage","@id":"https:\/\/www.computermantwente.nl\/de\/schuetzen-sie-ihren-computer-und-ihre-privatsphaere-mit-diesen-3-sicherheitstipps\/","url":"https:\/\/www.computermantwente.nl\/de\/schuetzen-sie-ihren-computer-und-ihre-privatsphaere-mit-diesen-3-sicherheitstipps\/","name":"Sch\u00fctzen Sie Ihren Computer und Ihre Privatsph\u00e4re mit diesen 3 Sicherheitstipps","isPartOf":{"@id":"https:\/\/www.computermantwente.nl\/de\/#website"},"primaryImageOfPage":{"@id":"https:\/\/www.computermantwente.nl\/de\/schuetzen-sie-ihren-computer-und-ihre-privatsphaere-mit-diesen-3-sicherheitstipps\/#primaryimage"},"image":{"@id":"https:\/\/www.computermantwente.nl\/de\/schuetzen-sie-ihren-computer-und-ihre-privatsphaere-mit-diesen-3-sicherheitstipps\/#primaryimage"},"thumbnailUrl":"https:\/\/www.computermantwente.nl\/wp-content\/uploads\/2023\/04\/Computerbeveiliging.png","datePublished":"2023-04-23T18:34:07+00:00","dateModified":"2024-06-05T09:34:11+00:00","description":"Erfahren Sie, wie Sie Ihren Computer und Ihre Daten mit diesen drei umfassenden Sicherheitstipps sch\u00fctzen k\u00f6nnen. Klicken Sie f\u00fcr weitere Informationen.","breadcrumb":{"@id":"https:\/\/www.computermantwente.nl\/de\/schuetzen-sie-ihren-computer-und-ihre-privatsphaere-mit-diesen-3-sicherheitstipps\/#breadcrumb"},"inLanguage":"de","potentialAction":[{"@type":"ReadAction","target":["https:\/\/www.computermantwente.nl\/de\/schuetzen-sie-ihren-computer-und-ihre-privatsphaere-mit-diesen-3-sicherheitstipps\/"]}]},{"@type":"ImageObject","inLanguage":"de","@id":"https:\/\/www.computermantwente.nl\/de\/schuetzen-sie-ihren-computer-und-ihre-privatsphaere-mit-diesen-3-sicherheitstipps\/#primaryimage","url":"https:\/\/www.computermantwente.nl\/wp-content\/uploads\/2023\/04\/Computerbeveiliging.png","contentUrl":"https:\/\/www.computermantwente.nl\/wp-content\/uploads\/2023\/04\/Computerbeveiliging.png","width":2048,"height":1075,"caption":"Deze afbeelding symboliseert de belangrijkste aspecten van computerbeveiliging, namelijk antivirusbescherming, wachtwoordbeveiliging en back-ups van gegevens."},{"@type":"BreadcrumbList","@id":"https:\/\/www.computermantwente.nl\/de\/schuetzen-sie-ihren-computer-und-ihre-privatsphaere-mit-diesen-3-sicherheitstipps\/#breadcrumb","itemListElement":[{"@type":"ListItem","position":1,"name":"Home","item":"https:\/\/www.computermantwente.nl\/de\/"},{"@type":"ListItem","position":2,"name":"Sch\u00fctzen Sie Ihren Computer und Ihre Privatsph\u00e4re mit diesen 3 Sicherheitstipps"}]},{"@type":"WebSite","@id":"https:\/\/www.computermantwente.nl\/de\/#website","url":"https:\/\/www.computermantwente.nl\/de\/","name":"De Computerman Twente","description":"Reparaties, installaties, onderhoud en verkoop","publisher":{"@id":"https:\/\/www.computermantwente.nl\/de\/#organization"},"potentialAction":[{"@type":"SearchAction","target":{"@type":"EntryPoint","urlTemplate":"https:\/\/www.computermantwente.nl\/de\/?s={search_term_string}"},"query-input":{"@type":"PropertyValueSpecification","valueRequired":true,"valueName":"search_term_string"}}],"inLanguage":"de"},{"@type":"Organization","@id":"https:\/\/www.computermantwente.nl\/de\/#organization","name":"De Computerman Twente","url":"https:\/\/www.computermantwente.nl\/de\/","logo":{"@type":"ImageObject","inLanguage":"de","@id":"https:\/\/www.computermantwente.nl\/de\/#\/schema\/logo\/image\/","url":"https:\/\/www.computermantwente.nl\/wp-content\/uploads\/2024\/02\/cropped-De-Computerman-Twente-PC.png","contentUrl":"https:\/\/www.computermantwente.nl\/wp-content\/uploads\/2024\/02\/cropped-De-Computerman-Twente-PC.png","width":1318,"height":1075,"caption":"De Computerman Twente"},"image":{"@id":"https:\/\/www.computermantwente.nl\/de\/#\/schema\/logo\/image\/"}}]}},"_links":{"self":[{"href":"https:\/\/www.computermantwente.nl\/de\/wp-json\/wp\/v2\/pages\/9653","targetHints":{"allow":["GET"]}}],"collection":[{"href":"https:\/\/www.computermantwente.nl\/de\/wp-json\/wp\/v2\/pages"}],"about":[{"href":"https:\/\/www.computermantwente.nl\/de\/wp-json\/wp\/v2\/types\/page"}],"author":[{"embeddable":true,"href":"https:\/\/www.computermantwente.nl\/de\/wp-json\/wp\/v2\/users\/1"}],"replies":[{"embeddable":true,"href":"https:\/\/www.computermantwente.nl\/de\/wp-json\/wp\/v2\/comments?post=9653"}],"version-history":[{"count":1,"href":"https:\/\/www.computermantwente.nl\/de\/wp-json\/wp\/v2\/pages\/9653\/revisions"}],"predecessor-version":[{"id":9654,"href":"https:\/\/www.computermantwente.nl\/de\/wp-json\/wp\/v2\/pages\/9653\/revisions\/9654"}],"wp:featuredmedia":[{"embeddable":true,"href":"https:\/\/www.computermantwente.nl\/de\/wp-json\/wp\/v2\/media\/9233"}],"wp:attachment":[{"href":"https:\/\/www.computermantwente.nl\/de\/wp-json\/wp\/v2\/media?parent=9653"}],"curies":[{"name":"wp","href":"https:\/\/api.w.org\/{rel}","templated":true}]}}