{"id":9528,"date":"2021-07-14T08:45:30","date_gmt":"2021-07-14T08:45:30","guid":{"rendered":"https:\/\/www.computermantwente.nl\/danke\/"},"modified":"2024-06-05T09:32:44","modified_gmt":"2024-06-05T09:32:44","slug":"danke","status":"publish","type":"page","link":"https:\/\/www.computermantwente.nl\/de\/danke\/","title":{"rendered":"Danke"},"content":{"rendered":"\t\t<div data-elementor-type=\"wp-page\" data-elementor-id=\"9528\" class=\"elementor elementor-9528 elementor-3571\" data-elementor-post-type=\"page\">\n\t\t\t\t\t\t<section class=\"elementor-section elementor-top-section elementor-element elementor-element-3f425f5 elementor-section-height-min-height elementor-section-items-bottom elementor-section-full_width elementor-section-height-default\" data-id=\"3f425f5\" data-element_type=\"section\" data-e-type=\"section\" data-settings=\"{&quot;jet_parallax_layout_list&quot;:[{&quot;jet_parallax_layout_image&quot;:{&quot;url&quot;:&quot;&quot;,&quot;id&quot;:&quot;&quot;,&quot;size&quot;:&quot;&quot;},&quot;_id&quot;:&quot;4be38f5&quot;,&quot;jet_parallax_layout_image_laptop&quot;:{&quot;url&quot;:&quot;&quot;,&quot;id&quot;:&quot;&quot;,&quot;size&quot;:&quot;&quot;},&quot;jet_parallax_layout_image_tablet&quot;:{&quot;url&quot;:&quot;&quot;,&quot;id&quot;:&quot;&quot;,&quot;size&quot;:&quot;&quot;},&quot;jet_parallax_layout_image_mobile&quot;:{&quot;url&quot;:&quot;&quot;,&quot;id&quot;:&quot;&quot;,&quot;size&quot;:&quot;&quot;},&quot;jet_parallax_layout_speed&quot;:{&quot;unit&quot;:&quot;%&quot;,&quot;size&quot;:50,&quot;sizes&quot;:[]},&quot;jet_parallax_layout_type&quot;:&quot;scroll&quot;,&quot;jet_parallax_layout_direction&quot;:&quot;1&quot;,&quot;jet_parallax_layout_fx_direction&quot;:null,&quot;jet_parallax_layout_z_index&quot;:&quot;&quot;,&quot;jet_parallax_layout_bg_x&quot;:50,&quot;jet_parallax_layout_bg_x_laptop&quot;:&quot;&quot;,&quot;jet_parallax_layout_bg_x_tablet&quot;:&quot;&quot;,&quot;jet_parallax_layout_bg_x_mobile&quot;:&quot;&quot;,&quot;jet_parallax_layout_bg_y&quot;:50,&quot;jet_parallax_layout_bg_y_laptop&quot;:&quot;&quot;,&quot;jet_parallax_layout_bg_y_tablet&quot;:&quot;&quot;,&quot;jet_parallax_layout_bg_y_mobile&quot;:&quot;&quot;,&quot;jet_parallax_layout_bg_size&quot;:&quot;auto&quot;,&quot;jet_parallax_layout_bg_size_laptop&quot;:&quot;&quot;,&quot;jet_parallax_layout_bg_size_tablet&quot;:&quot;&quot;,&quot;jet_parallax_layout_bg_size_mobile&quot;:&quot;&quot;,&quot;jet_parallax_layout_animation_prop&quot;:&quot;transform&quot;,&quot;jet_parallax_layout_on&quot;:[&quot;desktop&quot;,&quot;tablet&quot;]}],&quot;background_background&quot;:&quot;classic&quot;}\">\n\t\t\t\t\t\t\t<div class=\"elementor-background-overlay\"><\/div>\n\t\t\t\t\t\t\t<div class=\"elementor-container elementor-column-gap-default\">\n\t\t\t\t\t<div class=\"elementor-column elementor-col-33 elementor-top-column elementor-element elementor-element-defa971\" data-id=\"defa971\" data-element_type=\"column\" data-e-type=\"column\" data-settings=\"{&quot;background_background&quot;:&quot;classic&quot;}\">\n\t\t\t<div class=\"elementor-widget-wrap\">\n\t\t\t\t\t\t\t<\/div>\n\t\t<\/div>\n\t\t\t\t<div class=\"elementor-column elementor-col-33 elementor-top-column elementor-element elementor-element-ca9ae6d\" data-id=\"ca9ae6d\" data-element_type=\"column\" data-e-type=\"column\" data-settings=\"{&quot;background_background&quot;:&quot;classic&quot;}\">\n\t\t\t<div class=\"elementor-widget-wrap elementor-element-populated\">\n\t\t\t\t\t\t<div class=\"elementor-element elementor-element-6965500 elementor-widget elementor-widget-heading\" data-id=\"6965500\" data-element_type=\"widget\" data-e-type=\"widget\" data-widget_type=\"heading.default\">\n\t\t\t\t<div class=\"elementor-widget-container\">\n\t\t\t\t\t<h1 class=\"elementor-heading-title elementor-size-default\">Danke!<\/h1>\t\t\t\t<\/div>\n\t\t\t\t<\/div>\n\t\t\t\t\t<\/div>\n\t\t<\/div>\n\t\t\t\t<div class=\"elementor-column elementor-col-33 elementor-top-column elementor-element elementor-element-02ff4f1 elementor-hidden-phone elementor-hidden-tablet\" data-id=\"02ff4f1\" data-element_type=\"column\" data-e-type=\"column\">\n\t\t\t<div class=\"elementor-widget-wrap\">\n\t\t\t\t\t\t\t<\/div>\n\t\t<\/div>\n\t\t\t\t\t<\/div>\n\t\t<\/section>\n\t\t\t\t<section class=\"elementor-section elementor-top-section elementor-element elementor-element-78f9d9d elementor-section-full_width elementor-section-height-default elementor-section-height-default\" data-id=\"78f9d9d\" data-element_type=\"section\" data-e-type=\"section\" data-settings=\"{&quot;jet_parallax_layout_list&quot;:[{&quot;jet_parallax_layout_image&quot;:{&quot;url&quot;:&quot;&quot;,&quot;id&quot;:&quot;&quot;,&quot;size&quot;:&quot;&quot;},&quot;_id&quot;:&quot;07ef7e3&quot;,&quot;jet_parallax_layout_image_laptop&quot;:{&quot;url&quot;:&quot;&quot;,&quot;id&quot;:&quot;&quot;,&quot;size&quot;:&quot;&quot;},&quot;jet_parallax_layout_image_tablet&quot;:{&quot;url&quot;:&quot;&quot;,&quot;id&quot;:&quot;&quot;,&quot;size&quot;:&quot;&quot;},&quot;jet_parallax_layout_image_mobile&quot;:{&quot;url&quot;:&quot;&quot;,&quot;id&quot;:&quot;&quot;,&quot;size&quot;:&quot;&quot;},&quot;jet_parallax_layout_speed&quot;:{&quot;unit&quot;:&quot;%&quot;,&quot;size&quot;:50,&quot;sizes&quot;:[]},&quot;jet_parallax_layout_type&quot;:&quot;scroll&quot;,&quot;jet_parallax_layout_direction&quot;:&quot;1&quot;,&quot;jet_parallax_layout_fx_direction&quot;:null,&quot;jet_parallax_layout_z_index&quot;:&quot;&quot;,&quot;jet_parallax_layout_bg_x&quot;:50,&quot;jet_parallax_layout_bg_x_laptop&quot;:&quot;&quot;,&quot;jet_parallax_layout_bg_x_tablet&quot;:&quot;&quot;,&quot;jet_parallax_layout_bg_x_mobile&quot;:&quot;&quot;,&quot;jet_parallax_layout_bg_y&quot;:50,&quot;jet_parallax_layout_bg_y_laptop&quot;:&quot;&quot;,&quot;jet_parallax_layout_bg_y_tablet&quot;:&quot;&quot;,&quot;jet_parallax_layout_bg_y_mobile&quot;:&quot;&quot;,&quot;jet_parallax_layout_bg_size&quot;:&quot;auto&quot;,&quot;jet_parallax_layout_bg_size_laptop&quot;:&quot;&quot;,&quot;jet_parallax_layout_bg_size_tablet&quot;:&quot;&quot;,&quot;jet_parallax_layout_bg_size_mobile&quot;:&quot;&quot;,&quot;jet_parallax_layout_animation_prop&quot;:&quot;transform&quot;,&quot;jet_parallax_layout_on&quot;:[&quot;desktop&quot;,&quot;tablet&quot;]}]}\">\n\t\t\t\t\t\t<div class=\"elementor-container elementor-column-gap-default\">\n\t\t\t\t\t<div class=\"elementor-column elementor-col-100 elementor-top-column elementor-element elementor-element-cfa7896\" data-id=\"cfa7896\" data-element_type=\"column\" data-e-type=\"column\">\n\t\t\t<div class=\"elementor-widget-wrap elementor-element-populated\">\n\t\t\t\t\t\t<div class=\"elementor-element elementor-element-b1719cf elementor-widget elementor-widget-heading\" data-id=\"b1719cf\" data-element_type=\"widget\" data-e-type=\"widget\" data-widget_type=\"heading.default\">\n\t\t\t\t<div class=\"elementor-widget-container\">\n\t\t\t\t\t<h2 class=\"elementor-heading-title elementor-size-default\">Vielen Dank f\u00fcr Ihre Nachricht<span style=\"color: #e00512\">.<\/span> <\/br>Wir werden uns so schnell wie m\u00f6glich bei Ihnen melden<span style=\"color: #e00512\">!<\/span><\/h2>\t\t\t\t<\/div>\n\t\t\t\t<\/div>\n\t\t\t\t<div class=\"elementor-element elementor-element-f90b5f5 elementor-widget elementor-widget-jet-button\" data-id=\"f90b5f5\" data-element_type=\"widget\" data-e-type=\"widget\" data-widget_type=\"jet-button.default\">\n\t\t\t\t<div class=\"elementor-widget-container\">\n\t\t\t\t\t<div class=\"elementor-jet-button jet-elements\"><div class=\"jet-button__container\">\n\t<a class=\"jet-button__instance jet-button__instance--icon-right hover-effect-0\" href=\"\/\">\n\t\t<div class=\"jet-button__plane jet-button__plane-normal\"><\/div>\n\t\t<div class=\"jet-button__plane jet-button__plane-hover\"><\/div>\n\t\t<div class=\"jet-button__state jet-button__state-normal\">\n\t\t\t<span class=\"jet-button__icon jet-elements-icon\"><i aria-hidden=\"true\" class=\"fas fa-angle-double-right\"><\/i><\/span><span class=\"jet-button__label\">Klicken Sie hier, um zur\u00fcck zu gehen<\/span>\t\t<\/div>\n\t\t<div class=\"jet-button__state jet-button__state-hover\">\n\t\t\t<span class=\"jet-button__label\">Klicken Sie hier, um zur\u00fcck zu gehen<\/span>\t\t<\/div>\n\t<\/a>\n<\/div>\n<\/div>\t\t\t\t<\/div>\n\t\t\t\t<\/div>\n\t\t\t\t\t<\/div>\n\t\t<\/div>\n\t\t\t\t\t<\/div>\n\t\t<\/section>\n\t\t\t\t<\/div>\n\t\t","protected":false},"excerpt":{"rendered":"<p>Danke! Vielen Dank f\u00fcr Ihre Nachricht. Wir werden uns so schnell wie m\u00f6glich bei Ihnen melden! Klicken Sie hier, um zur\u00fcck zu gehen Klicken Sie hier, um zur\u00fcck zu gehen<\/p>\n","protected":false},"author":1,"featured_media":0,"parent":0,"menu_order":0,"comment_status":"closed","ping_status":"closed","template":"elementor_header_footer","meta":{"footnotes":""},"class_list":["post-9528","page","type-page","status-publish","hentry"],"yoast_head":"<!-- This site is optimized with the Yoast SEO plugin v27.4 - https:\/\/yoast.com\/product\/yoast-seo-wordpress\/ -->\n<title>Danke - De Computerman Twente<\/title>\n<meta name=\"description\" content=\"Vielen Dank f\u00fcr Ihre Nachricht. Wir werden uns so schnell wie m\u00f6glich bei Ihnen melden! - De Computerman Twente, der Computerspezialist.\" \/>\n<meta name=\"robots\" content=\"index, follow, max-snippet:-1, max-image-preview:large, max-video-preview:-1\" \/>\n<link rel=\"canonical\" href=\"https:\/\/www.computermantwente.nl\/de\/danke\/\" \/>\n<meta property=\"og:locale\" content=\"de_DE\" \/>\n<meta property=\"og:type\" content=\"article\" \/>\n<meta property=\"og:title\" content=\"Danke - De Computerman Twente\" \/>\n<meta property=\"og:description\" content=\"Vielen Dank f\u00fcr Ihre Nachricht. Wir werden uns so schnell wie m\u00f6glich bei Ihnen melden! - De Computerman Twente, der Computerspezialist.\" \/>\n<meta property=\"og:url\" content=\"https:\/\/www.computermantwente.nl\/de\/danke\/\" \/>\n<meta property=\"og:site_name\" content=\"De Computerman Twente\" \/>\n<meta property=\"article:modified_time\" content=\"2024-06-05T09:32:44+00:00\" \/>\n<meta property=\"og:image\" content=\"https:\/\/www.computermantwente.nl\/wp-content\/uploads\/2022\/07\/WhatsApp-Image-2022-07-13-at-8.21.08-AM.jpeg\" \/>\n\t<meta property=\"og:image:width\" content=\"1600\" \/>\n\t<meta property=\"og:image:height\" content=\"839\" \/>\n\t<meta property=\"og:image:type\" content=\"image\/jpeg\" \/>\n<meta name=\"twitter:card\" content=\"summary_large_image\" \/>\n<script type=\"application\/ld+json\" class=\"yoast-schema-graph\">{\"@context\":\"https:\\\/\\\/schema.org\",\"@graph\":[{\"@type\":\"WebPage\",\"@id\":\"https:\\\/\\\/www.computermantwente.nl\\\/de\\\/danke\\\/\",\"url\":\"https:\\\/\\\/www.computermantwente.nl\\\/de\\\/danke\\\/\",\"name\":\"Danke - De Computerman Twente\",\"isPartOf\":{\"@id\":\"https:\\\/\\\/www.computermantwente.nl\\\/de\\\/#website\"},\"datePublished\":\"2021-07-14T08:45:30+00:00\",\"dateModified\":\"2024-06-05T09:32:44+00:00\",\"description\":\"Vielen Dank f\u00fcr Ihre Nachricht. Wir werden uns so schnell wie m\u00f6glich bei Ihnen melden! - De Computerman Twente, der Computerspezialist.\",\"breadcrumb\":{\"@id\":\"https:\\\/\\\/www.computermantwente.nl\\\/de\\\/danke\\\/#breadcrumb\"},\"inLanguage\":\"de\",\"potentialAction\":[{\"@type\":\"ReadAction\",\"target\":[\"https:\\\/\\\/www.computermantwente.nl\\\/de\\\/danke\\\/\"]}]},{\"@type\":\"BreadcrumbList\",\"@id\":\"https:\\\/\\\/www.computermantwente.nl\\\/de\\\/danke\\\/#breadcrumb\",\"itemListElement\":[{\"@type\":\"ListItem\",\"position\":1,\"name\":\"Home\",\"item\":\"https:\\\/\\\/www.computermantwente.nl\\\/de\\\/\"},{\"@type\":\"ListItem\",\"position\":2,\"name\":\"Danke\"}]},{\"@type\":\"WebSite\",\"@id\":\"https:\\\/\\\/www.computermantwente.nl\\\/de\\\/#website\",\"url\":\"https:\\\/\\\/www.computermantwente.nl\\\/de\\\/\",\"name\":\"De Computerman Twente\",\"description\":\"Reparaties, installaties, onderhoud en verkoop\",\"publisher\":{\"@id\":\"https:\\\/\\\/www.computermantwente.nl\\\/de\\\/#organization\"},\"potentialAction\":[{\"@type\":\"SearchAction\",\"target\":{\"@type\":\"EntryPoint\",\"urlTemplate\":\"https:\\\/\\\/www.computermantwente.nl\\\/de\\\/?s={search_term_string}\"},\"query-input\":{\"@type\":\"PropertyValueSpecification\",\"valueRequired\":true,\"valueName\":\"search_term_string\"}}],\"inLanguage\":\"de\"},{\"@type\":\"Organization\",\"@id\":\"https:\\\/\\\/www.computermantwente.nl\\\/de\\\/#organization\",\"name\":\"De Computerman Twente\",\"url\":\"https:\\\/\\\/www.computermantwente.nl\\\/de\\\/\",\"logo\":{\"@type\":\"ImageObject\",\"inLanguage\":\"de\",\"@id\":\"https:\\\/\\\/www.computermantwente.nl\\\/de\\\/#\\\/schema\\\/logo\\\/image\\\/\",\"url\":\"https:\\\/\\\/www.computermantwente.nl\\\/wp-content\\\/uploads\\\/2024\\\/02\\\/cropped-De-Computerman-Twente-PC.png\",\"contentUrl\":\"https:\\\/\\\/www.computermantwente.nl\\\/wp-content\\\/uploads\\\/2024\\\/02\\\/cropped-De-Computerman-Twente-PC.png\",\"width\":1318,\"height\":1075,\"caption\":\"De Computerman Twente\"},\"image\":{\"@id\":\"https:\\\/\\\/www.computermantwente.nl\\\/de\\\/#\\\/schema\\\/logo\\\/image\\\/\"}}]}<\/script>\n<!-- \/ Yoast SEO plugin. -->","yoast_head_json":{"title":"Danke - De Computerman Twente","description":"Vielen Dank f\u00fcr Ihre Nachricht. Wir werden uns so schnell wie m\u00f6glich bei Ihnen melden! - De Computerman Twente, der Computerspezialist.","robots":{"index":"index","follow":"follow","max-snippet":"max-snippet:-1","max-image-preview":"max-image-preview:large","max-video-preview":"max-video-preview:-1"},"canonical":"https:\/\/www.computermantwente.nl\/de\/danke\/","og_locale":"de_DE","og_type":"article","og_title":"Danke - De Computerman Twente","og_description":"Vielen Dank f\u00fcr Ihre Nachricht. Wir werden uns so schnell wie m\u00f6glich bei Ihnen melden! - De Computerman Twente, der Computerspezialist.","og_url":"https:\/\/www.computermantwente.nl\/de\/danke\/","og_site_name":"De Computerman Twente","article_modified_time":"2024-06-05T09:32:44+00:00","og_image":[{"width":1600,"height":839,"url":"https:\/\/www.computermantwente.nl\/wp-content\/uploads\/2022\/07\/WhatsApp-Image-2022-07-13-at-8.21.08-AM.jpeg","type":"image\/jpeg"}],"twitter_card":"summary_large_image","schema":{"@context":"https:\/\/schema.org","@graph":[{"@type":"WebPage","@id":"https:\/\/www.computermantwente.nl\/de\/danke\/","url":"https:\/\/www.computermantwente.nl\/de\/danke\/","name":"Danke - De Computerman Twente","isPartOf":{"@id":"https:\/\/www.computermantwente.nl\/de\/#website"},"datePublished":"2021-07-14T08:45:30+00:00","dateModified":"2024-06-05T09:32:44+00:00","description":"Vielen Dank f\u00fcr Ihre Nachricht. Wir werden uns so schnell wie m\u00f6glich bei Ihnen melden! - De Computerman Twente, der Computerspezialist.","breadcrumb":{"@id":"https:\/\/www.computermantwente.nl\/de\/danke\/#breadcrumb"},"inLanguage":"de","potentialAction":[{"@type":"ReadAction","target":["https:\/\/www.computermantwente.nl\/de\/danke\/"]}]},{"@type":"BreadcrumbList","@id":"https:\/\/www.computermantwente.nl\/de\/danke\/#breadcrumb","itemListElement":[{"@type":"ListItem","position":1,"name":"Home","item":"https:\/\/www.computermantwente.nl\/de\/"},{"@type":"ListItem","position":2,"name":"Danke"}]},{"@type":"WebSite","@id":"https:\/\/www.computermantwente.nl\/de\/#website","url":"https:\/\/www.computermantwente.nl\/de\/","name":"De Computerman Twente","description":"Reparaties, installaties, onderhoud en verkoop","publisher":{"@id":"https:\/\/www.computermantwente.nl\/de\/#organization"},"potentialAction":[{"@type":"SearchAction","target":{"@type":"EntryPoint","urlTemplate":"https:\/\/www.computermantwente.nl\/de\/?s={search_term_string}"},"query-input":{"@type":"PropertyValueSpecification","valueRequired":true,"valueName":"search_term_string"}}],"inLanguage":"de"},{"@type":"Organization","@id":"https:\/\/www.computermantwente.nl\/de\/#organization","name":"De Computerman Twente","url":"https:\/\/www.computermantwente.nl\/de\/","logo":{"@type":"ImageObject","inLanguage":"de","@id":"https:\/\/www.computermantwente.nl\/de\/#\/schema\/logo\/image\/","url":"https:\/\/www.computermantwente.nl\/wp-content\/uploads\/2024\/02\/cropped-De-Computerman-Twente-PC.png","contentUrl":"https:\/\/www.computermantwente.nl\/wp-content\/uploads\/2024\/02\/cropped-De-Computerman-Twente-PC.png","width":1318,"height":1075,"caption":"De Computerman Twente"},"image":{"@id":"https:\/\/www.computermantwente.nl\/de\/#\/schema\/logo\/image\/"}}]}},"_links":{"self":[{"href":"https:\/\/www.computermantwente.nl\/de\/wp-json\/wp\/v2\/pages\/9528","targetHints":{"allow":["GET"]}}],"collection":[{"href":"https:\/\/www.computermantwente.nl\/de\/wp-json\/wp\/v2\/pages"}],"about":[{"href":"https:\/\/www.computermantwente.nl\/de\/wp-json\/wp\/v2\/types\/page"}],"author":[{"embeddable":true,"href":"https:\/\/www.computermantwente.nl\/de\/wp-json\/wp\/v2\/users\/1"}],"replies":[{"embeddable":true,"href":"https:\/\/www.computermantwente.nl\/de\/wp-json\/wp\/v2\/comments?post=9528"}],"version-history":[{"count":1,"href":"https:\/\/www.computermantwente.nl\/de\/wp-json\/wp\/v2\/pages\/9528\/revisions"}],"predecessor-version":[{"id":9529,"href":"https:\/\/www.computermantwente.nl\/de\/wp-json\/wp\/v2\/pages\/9528\/revisions\/9529"}],"wp:attachment":[{"href":"https:\/\/www.computermantwente.nl\/de\/wp-json\/wp\/v2\/media?parent=9528"}],"curies":[{"name":"wp","href":"https:\/\/api.w.org\/{rel}","templated":true}]}}